{"id":8457,"date":"2017-04-07T10:50:07","date_gmt":"2017-04-07T10:50:07","guid":{"rendered":"https:\/\/www.imex.ee\/store\/rokus-koer-kalkunilpardil1250g12\/"},"modified":"2022-05-11T10:07:19","modified_gmt":"2022-05-11T07:07:19","slug":"rokus-koer-kalkunilpardil1250g12","status":"publish","type":"product","link":"https:\/\/www.imex.ee\/en\/store\/rokus-koer-kalkunilpardil1250g12\/","title":{"rendered":"Koerte s\u00f6\u00f6dakonserv kalkuni- ja pardilihaga 1250g Rokus"},"content":{"rendered":"<p>Hulgipakendis on 12 toodet.<\/p>\n<p>Peale avamist hoida k\u00fclmas.<\/p>\n<p>Tootja: De Haan Petfood, Holland<\/p>\n<p>Ribakood 8710862000095<\/p>\n<p>&nbsp;<\/p>\n<h2>Kaubam\u00e4rgist<\/h2>\n<p>Rokus kaubam\u00e4rgi tooted kuuluvad Hollandi ettev\u00f5ttele De Haan Petfood. Ettev\u00f5tte esialgne tegevusala oli loomsete rasvade ja muude lihasaaduste m\u00fc\u00fck. T\u00e4na toodab De Haan ise mitme kaubam\u00e4rgi all erinevast toorainest valmistatud hea hinna ja kvaliteedi suhtega kassidele ja koertele m\u00f5eldud m\u00e4rga s\u00f6\u00f6ta. Tootmisprotsessis kasutatakse tooraine t\u00f6\u00f6tlemiseks k\u00f5rgkvaliteetseid automatiseeritud seadmeid. Kaubam\u00e4rgi tooteid turustatakse rohkem kui kolmek\u00fcmne viies riigis \u00fcle maailma.<\/p>\n","protected":false},"excerpt":{"rendered":"<p>Hulgipakendis on 12 toodet. Peale avamist hoida k\u00fclmas. Tootja: De Haan Petfood, Holland Ribakood 8710862000095 &nbsp; Kaubam\u00e4rgist Rokus kaubam\u00e4rgi tooted kuuluvad Hollandi ettev\u00f5ttele De Haan Petfood. Ettev\u00f5tte esialgne tegevusala oli loomsete rasvade ja muude lihasaaduste m\u00fc\u00fck. T\u00e4na toodab De Haan ise mitme kaubam\u00e4rgi all erinevast toorainest valmistatud hea hinna ja kvaliteedi suhtega kassidele ja koertele&#8230;<\/p>\n","protected":false},"featured_media":9061,"comment_status":"closed","ping_status":"closed","template":"","meta":{"_acf_changed":false,"inline_featured_image":false,"_monsterinsights_skip_tracking":false,"_monsterinsights_sitenote_active":false,"_monsterinsights_sitenote_note":"","_monsterinsights_sitenote_category":0},"product_cat":[163,159,267],"product_tag":[],"acf":[],"yoast_head":"<!-- This site is optimized with the Yoast SEO plugin v22.6 - https:\/\/yoast.com\/wordpress\/plugins\/seo\/ -->\n<title>Koerte s\u00f6\u00f6dakonserv kalkuni- ja pardilihaga 1250g Rokus - imex<\/title>\n<meta name=\"robots\" content=\"index, follow, max-snippet:-1, max-image-preview:large, max-video-preview:-1\" \/>\n<link rel=\"canonical\" href=\"https:\/\/www.imex.ee\/en\/store\/rokus-koer-kalkunilpardil1250g12\/\" \/>\n<meta property=\"og:locale\" content=\"en_US\" \/>\n<meta property=\"og:type\" content=\"article\" \/>\n<meta property=\"og:title\" content=\"Koerte s\u00f6\u00f6dakonserv kalkuni- ja pardilihaga 1250g Rokus - imex\" \/>\n<meta property=\"og:description\" content=\"Hulgipakendis on 12 toodet. Peale avamist hoida k\u00fclmas. Tootja: De Haan Petfood, Holland Ribakood 8710862000095 &nbsp; Kaubam\u00e4rgist Rokus kaubam\u00e4rgi tooted kuuluvad Hollandi ettev\u00f5ttele De Haan Petfood. Ettev\u00f5tte esialgne tegevusala oli loomsete rasvade ja muude lihasaaduste m\u00fc\u00fck. T\u00e4na toodab De Haan ise mitme kaubam\u00e4rgi all erinevast toorainest valmistatud hea hinna ja kvaliteedi suhtega kassidele ja koertele...\" \/>\n<meta property=\"og:url\" content=\"https:\/\/www.imex.ee\/en\/store\/rokus-koer-kalkunilpardil1250g12\/\" \/>\n<meta property=\"og:site_name\" content=\"imex\" \/>\n<meta property=\"article:modified_time\" content=\"2022-05-11T07:07:19+00:00\" \/>\n<meta property=\"og:image\" content=\"https:\/\/www.imex.ee\/wp-content\/uploads\/2017\/04\/L76A4289-scaled.jpg\" \/>\n\t<meta property=\"og:image:width\" content=\"1707\" \/>\n\t<meta property=\"og:image:height\" content=\"2560\" \/>\n\t<meta property=\"og:image:type\" content=\"image\/jpeg\" \/>\n<meta name=\"twitter:card\" content=\"summary_large_image\" \/>\n<script type=\"application\/ld+json\" class=\"yoast-schema-graph\">{\"@context\":\"https:\/\/schema.org\",\"@graph\":[{\"@type\":\"WebPage\",\"@id\":\"https:\/\/www.imex.ee\/en\/store\/rokus-koer-kalkunilpardil1250g12\/\",\"url\":\"https:\/\/www.imex.ee\/en\/store\/rokus-koer-kalkunilpardil1250g12\/\",\"name\":\"Koerte s\u00f6\u00f6dakonserv kalkuni- ja pardilihaga 1250g Rokus - imex\",\"isPartOf\":{\"@id\":\"https:\/\/www.imex.ee\/#website\"},\"primaryImageOfPage\":{\"@id\":\"https:\/\/www.imex.ee\/en\/store\/rokus-koer-kalkunilpardil1250g12\/#primaryimage\"},\"image\":{\"@id\":\"https:\/\/www.imex.ee\/en\/store\/rokus-koer-kalkunilpardil1250g12\/#primaryimage\"},\"thumbnailUrl\":\"https:\/\/www.imex.ee\/wp-content\/uploads\/2017\/04\/L76A4289-scaled.jpg\",\"datePublished\":\"2017-04-07T10:50:07+00:00\",\"dateModified\":\"2022-05-11T07:07:19+00:00\",\"breadcrumb\":{\"@id\":\"https:\/\/www.imex.ee\/en\/store\/rokus-koer-kalkunilpardil1250g12\/#breadcrumb\"},\"inLanguage\":\"en-US\",\"potentialAction\":[{\"@type\":\"ReadAction\",\"target\":[\"https:\/\/www.imex.ee\/en\/store\/rokus-koer-kalkunilpardil1250g12\/\"]}]},{\"@type\":\"ImageObject\",\"inLanguage\":\"en-US\",\"@id\":\"https:\/\/www.imex.ee\/en\/store\/rokus-koer-kalkunilpardil1250g12\/#primaryimage\",\"url\":\"https:\/\/www.imex.ee\/wp-content\/uploads\/2017\/04\/L76A4289-scaled.jpg\",\"contentUrl\":\"https:\/\/www.imex.ee\/wp-content\/uploads\/2017\/04\/L76A4289-scaled.jpg\",\"width\":1707,\"height\":2560,\"caption\":\"foto: Allan Leppikson \/ Reval Foto\"},{\"@type\":\"BreadcrumbList\",\"@id\":\"https:\/\/www.imex.ee\/en\/store\/rokus-koer-kalkunilpardil1250g12\/#breadcrumb\",\"itemListElement\":[{\"@type\":\"ListItem\",\"position\":1,\"name\":\"Home\",\"item\":\"https:\/\/www.imex.ee\/en\/\"},{\"@type\":\"ListItem\",\"position\":2,\"name\":\"E-store\",\"item\":\"https:\/\/www.imex.ee\/en\/store\/\"},{\"@type\":\"ListItem\",\"position\":3,\"name\":\"Koerte s\u00f6\u00f6dakonserv kalkuni- ja pardilihaga 1250g Rokus\"}]},{\"@type\":\"WebSite\",\"@id\":\"https:\/\/www.imex.ee\/#website\",\"url\":\"https:\/\/www.imex.ee\/\",\"name\":\"imex\",\"description\":\"Toidukaubad otse maaletoojalt\",\"publisher\":{\"@id\":\"https:\/\/www.imex.ee\/#organization\"},\"potentialAction\":[{\"@type\":\"SearchAction\",\"target\":{\"@type\":\"EntryPoint\",\"urlTemplate\":\"https:\/\/www.imex.ee\/?s={search_term_string}\"},\"query-input\":\"required name=search_term_string\"}],\"inLanguage\":\"en-US\"},{\"@type\":\"Organization\",\"@id\":\"https:\/\/www.imex.ee\/#organization\",\"name\":\"Imex Trading Group AS\",\"url\":\"https:\/\/www.imex.ee\/\",\"logo\":{\"@type\":\"ImageObject\",\"inLanguage\":\"en-US\",\"@id\":\"https:\/\/www.imex.ee\/#\/schema\/logo\/image\/\",\"url\":\"https:\/\/www.imex.ee\/wp-content\/uploads\/2017\/01\/logo_small.jpg\",\"contentUrl\":\"https:\/\/www.imex.ee\/wp-content\/uploads\/2017\/01\/logo_small.jpg\",\"width\":360,\"height\":210,\"caption\":\"Imex Trading Group AS\"},\"image\":{\"@id\":\"https:\/\/www.imex.ee\/#\/schema\/logo\/image\/\"}}]}<\/script>\n<!-- \/ Yoast SEO plugin. -->","yoast_head_json":{"title":"Koerte s\u00f6\u00f6dakonserv kalkuni- ja pardilihaga 1250g Rokus - imex","robots":{"index":"index","follow":"follow","max-snippet":"max-snippet:-1","max-image-preview":"max-image-preview:large","max-video-preview":"max-video-preview:-1"},"canonical":"https:\/\/www.imex.ee\/en\/store\/rokus-koer-kalkunilpardil1250g12\/","og_locale":"en_US","og_type":"article","og_title":"Koerte s\u00f6\u00f6dakonserv kalkuni- ja pardilihaga 1250g Rokus - imex","og_description":"Hulgipakendis on 12 toodet. Peale avamist hoida k\u00fclmas. Tootja: De Haan Petfood, Holland Ribakood 8710862000095 &nbsp; Kaubam\u00e4rgist Rokus kaubam\u00e4rgi tooted kuuluvad Hollandi ettev\u00f5ttele De Haan Petfood. Ettev\u00f5tte esialgne tegevusala oli loomsete rasvade ja muude lihasaaduste m\u00fc\u00fck. T\u00e4na toodab De Haan ise mitme kaubam\u00e4rgi all erinevast toorainest valmistatud hea hinna ja kvaliteedi suhtega kassidele ja koertele...","og_url":"https:\/\/www.imex.ee\/en\/store\/rokus-koer-kalkunilpardil1250g12\/","og_site_name":"imex","article_modified_time":"2022-05-11T07:07:19+00:00","og_image":[{"width":1707,"height":2560,"url":"https:\/\/www.imex.ee\/wp-content\/uploads\/2017\/04\/L76A4289-scaled.jpg","type":"image\/jpeg"}],"twitter_card":"summary_large_image","schema":{"@context":"https:\/\/schema.org","@graph":[{"@type":"WebPage","@id":"https:\/\/www.imex.ee\/en\/store\/rokus-koer-kalkunilpardil1250g12\/","url":"https:\/\/www.imex.ee\/en\/store\/rokus-koer-kalkunilpardil1250g12\/","name":"Koerte s\u00f6\u00f6dakonserv kalkuni- ja pardilihaga 1250g Rokus - imex","isPartOf":{"@id":"https:\/\/www.imex.ee\/#website"},"primaryImageOfPage":{"@id":"https:\/\/www.imex.ee\/en\/store\/rokus-koer-kalkunilpardil1250g12\/#primaryimage"},"image":{"@id":"https:\/\/www.imex.ee\/en\/store\/rokus-koer-kalkunilpardil1250g12\/#primaryimage"},"thumbnailUrl":"https:\/\/www.imex.ee\/wp-content\/uploads\/2017\/04\/L76A4289-scaled.jpg","datePublished":"2017-04-07T10:50:07+00:00","dateModified":"2022-05-11T07:07:19+00:00","breadcrumb":{"@id":"https:\/\/www.imex.ee\/en\/store\/rokus-koer-kalkunilpardil1250g12\/#breadcrumb"},"inLanguage":"en-US","potentialAction":[{"@type":"ReadAction","target":["https:\/\/www.imex.ee\/en\/store\/rokus-koer-kalkunilpardil1250g12\/"]}]},{"@type":"ImageObject","inLanguage":"en-US","@id":"https:\/\/www.imex.ee\/en\/store\/rokus-koer-kalkunilpardil1250g12\/#primaryimage","url":"https:\/\/www.imex.ee\/wp-content\/uploads\/2017\/04\/L76A4289-scaled.jpg","contentUrl":"https:\/\/www.imex.ee\/wp-content\/uploads\/2017\/04\/L76A4289-scaled.jpg","width":1707,"height":2560,"caption":"foto: Allan Leppikson \/ Reval Foto"},{"@type":"BreadcrumbList","@id":"https:\/\/www.imex.ee\/en\/store\/rokus-koer-kalkunilpardil1250g12\/#breadcrumb","itemListElement":[{"@type":"ListItem","position":1,"name":"Home","item":"https:\/\/www.imex.ee\/en\/"},{"@type":"ListItem","position":2,"name":"E-store","item":"https:\/\/www.imex.ee\/en\/store\/"},{"@type":"ListItem","position":3,"name":"Koerte s\u00f6\u00f6dakonserv kalkuni- ja pardilihaga 1250g Rokus"}]},{"@type":"WebSite","@id":"https:\/\/www.imex.ee\/#website","url":"https:\/\/www.imex.ee\/","name":"imex","description":"Toidukaubad otse maaletoojalt","publisher":{"@id":"https:\/\/www.imex.ee\/#organization"},"potentialAction":[{"@type":"SearchAction","target":{"@type":"EntryPoint","urlTemplate":"https:\/\/www.imex.ee\/?s={search_term_string}"},"query-input":"required name=search_term_string"}],"inLanguage":"en-US"},{"@type":"Organization","@id":"https:\/\/www.imex.ee\/#organization","name":"Imex Trading Group AS","url":"https:\/\/www.imex.ee\/","logo":{"@type":"ImageObject","inLanguage":"en-US","@id":"https:\/\/www.imex.ee\/#\/schema\/logo\/image\/","url":"https:\/\/www.imex.ee\/wp-content\/uploads\/2017\/01\/logo_small.jpg","contentUrl":"https:\/\/www.imex.ee\/wp-content\/uploads\/2017\/01\/logo_small.jpg","width":360,"height":210,"caption":"Imex Trading Group AS"},"image":{"@id":"https:\/\/www.imex.ee\/#\/schema\/logo\/image\/"}}]}},"_links":{"self":[{"href":"https:\/\/www.imex.ee\/en\/wp-json\/wp\/v2\/product\/8457"}],"collection":[{"href":"https:\/\/www.imex.ee\/en\/wp-json\/wp\/v2\/product"}],"about":[{"href":"https:\/\/www.imex.ee\/en\/wp-json\/wp\/v2\/types\/product"}],"replies":[{"embeddable":true,"href":"https:\/\/www.imex.ee\/en\/wp-json\/wp\/v2\/comments?post=8457"}],"wp:featuredmedia":[{"embeddable":true,"href":"https:\/\/www.imex.ee\/en\/wp-json\/wp\/v2\/media\/9061"}],"wp:attachment":[{"href":"https:\/\/www.imex.ee\/en\/wp-json\/wp\/v2\/media?parent=8457"}],"wp:term":[{"taxonomy":"product_cat","embeddable":true,"href":"https:\/\/www.imex.ee\/en\/wp-json\/wp\/v2\/product_cat?post=8457"},{"taxonomy":"product_tag","embeddable":true,"href":"https:\/\/www.imex.ee\/en\/wp-json\/wp\/v2\/product_tag?post=8457"}],"curies":[{"name":"wp","href":"https:\/\/api.w.org\/{rel}","templated":true}]}}